{"id":74,"date":"2018-10-16T12:16:54","date_gmt":"2018-10-16T12:16:54","guid":{"rendered":"http:\/\/91.220.156.17\/?page_id=74"},"modified":"2022-08-31T06:17:26","modified_gmt":"2022-08-31T06:17:26","slug":"odsotnost-ucenca","status":"publish","type":"page","link":"https:\/\/www.oslivade.si\/?page_id=74","title":{"rendered":"ODSOTNOST U\u010cENCA"},"content":{"rendered":"<p>O odsotnost u\u010denca od pouka obvestite razrednika na na\u010din o katerem Vas je obvestil razrednik (obvestilo v bele\u017eki, pisno obvestilo, obvestilo po e-po\u0161ti itd.).<\/p>\n<p><a href=\"https:\/\/www.oslivade.si\/wp-content\/uploads\/2018\/11\/opravicilo.pdf\" target=\"_blank\" rel=\"noopener\">Opravi\u010dilo<\/a><br \/>\n<a href=\"https:\/\/www.oslivade.si\/wp-content\/uploads\/2022\/08\/vloga_za_odsotnost_ucenca.pdf\" target=\"_blank\" rel=\"noopener\">Vloga za odsotnost u\u010denca<\/a><\/p>\n","protected":false},"excerpt":{"rendered":"<p>O odsotnost u\u010denca od pouka obvestite razrednika na na\u010din o katerem Vas je obvestil razrednik (obvestilo v bele\u017eki, pisno obvestilo,&nbsp;<a href=\"https:\/\/www.oslivade.si\/?page_id=74\">&hellip;<\/a><\/p>\n","protected":false},"author":1,"featured_media":0,"parent":64,"menu_order":0,"comment_status":"closed","ping_status":"closed","template":"","meta":{"ngg_post_thumbnail":0,"footnotes":""},"class_list":["post-74","page","type-page","status-publish","hentry","odd"],"_links":{"self":[{"href":"https:\/\/www.oslivade.si\/index.php?rest_route=\/wp\/v2\/pages\/74"}],"collection":[{"href":"https:\/\/www.oslivade.si\/index.php?rest_route=\/wp\/v2\/pages"}],"about":[{"href":"https:\/\/www.oslivade.si\/index.php?rest_route=\/wp\/v2\/types\/page"}],"author":[{"embeddable":true,"href":"https:\/\/www.oslivade.si\/index.php?rest_route=\/wp\/v2\/users\/1"}],"replies":[{"embeddable":true,"href":"https:\/\/www.oslivade.si\/index.php?rest_route=%2Fwp%2Fv2%2Fcomments&post=74"}],"version-history":[{"count":7,"href":"https:\/\/www.oslivade.si\/index.php?rest_route=\/wp\/v2\/pages\/74\/revisions"}],"predecessor-version":[{"id":13904,"href":"https:\/\/www.oslivade.si\/index.php?rest_route=\/wp\/v2\/pages\/74\/revisions\/13904"}],"up":[{"embeddable":true,"href":"https:\/\/www.oslivade.si\/index.php?rest_route=\/wp\/v2\/pages\/64"}],"wp:attachment":[{"href":"https:\/\/www.oslivade.si\/index.php?rest_route=%2Fwp%2Fv2%2Fmedia&parent=74"}],"curies":[{"name":"wp","href":"https:\/\/api.w.org\/{rel}","templated":true}]}}