{"id":76,"date":"2018-10-16T12:17:14","date_gmt":"2018-10-16T12:17:14","guid":{"rendered":"http:\/\/91.220.156.17\/?page_id=76"},"modified":"2024-10-15T12:55:07","modified_gmt":"2024-10-15T11:55:07","slug":"ucenci-s-statusom","status":"publish","type":"page","link":"https:\/\/www.oslivade.si\/?page_id=76","title":{"rendered":"U\u010cENCI S STATUSOM"},"content":{"rendered":"<ul>\n<li>Status u\u010denca, ki se vzporedno izobra\u017euje, si lahko pridobi u\u010denec, ki se hkrati vzporedno izobra\u017euje v glasbenih, baletnih in drugih \u0161olah, ki izvajajo javno veljavne programe oz. status u\u010denca perspektivnega \u0161portnika si lahko pridobi u\u010denec, ki je registriran pri nacionalni pano\u017eni \u0161portni zvezi in tekmuje v uradnih tekmovanjih nacionalnih pano\u017enih \u0161portnih zvez.<\/li>\n<li>V skladu s Pravilnikom o prilagajanju \u0161olskih obveznosti lahko pridobi u\u010denec status na podlagi pisne vloge in dokazil, \u010de izpolnjuje vse predpisane pogoje.<\/li>\n<li>O dodelitvi statusa odlo\u010di ravnatelj s sklepom. Pred odlo\u010ditvijo si pridobi mnenje oddel\u010dnega u\u010diteljskega zbora.<\/li>\n<li>Postopek za uveljavljanje statusa pri\u010dnejo star\u0161i u\u010denca tako, da oddajo pisno vlogo z dokazili do 1. oktobra.<\/li>\n<li>\u0160ola dodeli u\u010dencu status za eno \u0161olsko leto, iz utemeljenih razlogov pa lahko le za dolo\u010den \u010das v \u0161olskem letu.<\/li>\n<li>\n<div>\u010ce u\u010denec po svoji krivdi ne izpolnjuje dogovorjenih obveznosti in to povzro\u010di negativen u\u010dni uspeh ali ima druge negativne posledice, mu \u0161ola lahko status odvzame.Ve\u010d o postopku pridobitve statusa, pravicah in dol\u017enostih, mo\u017enostih mirovanja in odvzema statusa \u0161portnika oz. kulturnika smo objavili na na\u0161i spletni strani na\u0161e \u0161ole v notranjem aktu \u0161ole Pravilniku o prilagajanju \u0161olskih obveznosti.&nbsp;<\/div>\n<\/li>\n<\/ul>\n<p><a href=\"https:\/\/www.oslivade.si\/wp-content\/uploads\/2018\/11\/vloga_sportnik.pdf\" target=\"_blank\" rel=\"noopener\">Vloga u\u010denca za pridobitev statusa \u0161portnika<\/a><br \/>\n<a href=\"https:\/\/www.oslivade.si\/wp-content\/uploads\/2018\/11\/potrdilo_sportnik.pdf\" target=\"_blank\" rel=\"noopener\">Potrdilo \u0161portnega dru\u0161tva<\/a><\/p>\n<p><a href=\"https:\/\/www.oslivade.si\/wp-content\/uploads\/2018\/11\/vloga_umetnik.pdf\" target=\"_blank\" rel=\"noopener\">Vloga u\u010denca za pridobitev statusa umetnika<\/a><br \/>\n<a href=\"https:\/\/www.oslivade.si\/wp-content\/uploads\/2018\/11\/potrdilo_umetnik.pdf\" target=\"_blank\" rel=\"noopener\">Potrdilo kulturnega dru\u0161tva<\/a><\/p>\n<p><a href=\"https:\/\/www.oslivade.si\/wp-content\/uploads\/2024\/10\/PRAVILA-o-prilag.-sol.-obveznosti-LIVADE-24.pdf\" target=\"_blank\" rel=\"noopener\">Pravilnik o prilagajanju \u0161olskih obveznosti<\/a><br \/>\n<a href=\"https:\/\/www.oslivade.si\/wp-content\/uploads\/2024\/10\/DOGOVOR-status-starsi-sola-24.pdf\" target=\"_blank\" rel=\"noopener\">Dogovor o prilagajanju \u0161olskih obveznosti u\u010denca s statusom \u0161portnika oz. glasbenika<\/a><\/p>\n<p>&nbsp;<\/p>\n","protected":false},"excerpt":{"rendered":"<p>Status u\u010denca, ki se vzporedno izobra\u017euje, si lahko pridobi u\u010denec, ki se hkrati vzporedno izobra\u017euje v glasbenih, baletnih in drugih&nbsp;<a href=\"https:\/\/www.oslivade.si\/?page_id=76\">&hellip;<\/a><\/p>\n","protected":false},"author":1,"featured_media":0,"parent":64,"menu_order":0,"comment_status":"closed","ping_status":"closed","template":"","meta":{"ngg_post_thumbnail":0,"footnotes":""},"class_list":["post-76","page","type-page","status-publish","hentry","odd"],"_links":{"self":[{"href":"https:\/\/www.oslivade.si\/index.php?rest_route=\/wp\/v2\/pages\/76"}],"collection":[{"href":"https:\/\/www.oslivade.si\/index.php?rest_route=\/wp\/v2\/pages"}],"about":[{"href":"https:\/\/www.oslivade.si\/index.php?rest_route=\/wp\/v2\/types\/page"}],"author":[{"embeddable":true,"href":"https:\/\/www.oslivade.si\/index.php?rest_route=\/wp\/v2\/users\/1"}],"replies":[{"embeddable":true,"href":"https:\/\/www.oslivade.si\/index.php?rest_route=%2Fwp%2Fv2%2Fcomments&post=76"}],"version-history":[{"count":10,"href":"https:\/\/www.oslivade.si\/index.php?rest_route=\/wp\/v2\/pages\/76\/revisions"}],"predecessor-version":[{"id":17045,"href":"https:\/\/www.oslivade.si\/index.php?rest_route=\/wp\/v2\/pages\/76\/revisions\/17045"}],"up":[{"embeddable":true,"href":"https:\/\/www.oslivade.si\/index.php?rest_route=\/wp\/v2\/pages\/64"}],"wp:attachment":[{"href":"https:\/\/www.oslivade.si\/index.php?rest_route=%2Fwp%2Fv2%2Fmedia&parent=76"}],"curies":[{"name":"wp","href":"https:\/\/api.w.org\/{rel}","templated":true}]}}