{"id":80,"date":"2018-10-16T12:17:44","date_gmt":"2018-10-16T12:17:44","guid":{"rendered":"http:\/\/91.220.156.17\/?page_id=80"},"modified":"2026-03-23T11:29:44","modified_gmt":"2026-03-23T10:29:44","slug":"svet-sole","status":"publish","type":"page","link":"https:\/\/www.oslivade.si\/?page_id=80","title":{"rendered":"SVET \u0160OLE"},"content":{"rendered":"<p>\u0160olo v skladu z ZOFVI-H upravlja Svet \u0161ole v sestavi:<\/p>\n<ul>\n<li>pet predstavnikov delavcev zavoda<\/li>\n<li>trije predstavniki ustanovitelja O\u0160 Livade &#8211; Ob\u010dine Izola<\/li>\n<li>trije predstavniki star\u0161ev&nbsp;<\/li>\n<\/ul>\n<p>Predstavnike star\u0161ev v svet zavoda voli svet star\u0161ev \u0161ole. Mandat \u010dlanom sveta zavoda traja \u0161tiri leta. \u010clani sveta zavoda so lahko ponovno imenovani oziroma izvoljeni najve\u010dkrat dvakrat zapored.<\/p>\n<p>Pristojnosti sveta \u0161ole:<\/p>\n<ul>\n<li>imenuje ravnatelja,<\/li>\n<li>sprejema program razvoja, letni delovni na\u010drt in poro\u010dilo o njegovi realizaciji, samoevalvacijsko poro\u010dilo, finan\u010dni na\u010drt zavoda,<\/li>\n<li>odlo\u010da o nadstandardnih programih,<\/li>\n<li>obravnava poro\u010dila o vzgojno-izobra\u017eevalni problematiki ter letno poro\u010dilo&nbsp;<\/li>\n<li>odlo\u010da o prito\u017ebah (48. \u010dlen ZOFVI).<\/li>\n<\/ul>\n<p>Svet zavoda sprejema svoje odlo\u010ditve z ve\u010dino glasov vseh \u010dlanov.<\/p>\n<p><a href=\"https:\/\/www.oslivade.si\/wp-content\/uploads\/2021\/11\/POSLOVNIK_SS_2018januar.pdf\" target=\"_blank\" rel=\"noopener noreferrer\">Poslovnik Sveta \u0161ole<\/a><\/p>\n<table id=\"table1\">\n<tbody>\n<tr>\n<th width=\"50%\">&nbsp;<\/th>\n<th width=\"50%\">Ime in priimek<\/th>\n<\/tr>\n<tr>\n<td>Predstavniki star\u0161ev<\/td>\n<td>BORUT BAUER<br \/>\nKATJA JERMAN<br \/>\nALJO\u0160A \u0160U\u0160TER\u0160I\u010c<\/td>\n<\/tr>\n<tr>\n<td>Predstavniki \u0161ole<\/td>\n<td>INES COKAN<br \/>\nDOLORES \u010cENDAK VOZILA<br \/>\nSTA\u0160A JUG<br \/>\nSABINA DRA\u017dI\u010c<br \/>\nIRENA PANGER VILER<\/td>\n<\/tr>\n<tr>\n<td>Predstavniki ustanovitelja<\/td>\n<td>MOJCA \u010cAVNI\u010cAR<br \/>\nELMA SINANBEGOVI\u0106<br \/>\nNATA\u0160A STOLICA<\/td>\n<\/tr>\n<\/tbody>\n<\/table>\n<p><strong><br \/>\nZapisniki sej sveta \u0161ole<br \/>\n<\/strong><\/p>\n<p>\u0160olsko leto 2025\/26<\/p>\n<ul>\n<li><a href=\"https:\/\/www.oslivade.si\/wp-content\/uploads\/2026\/03\/zapisnik-3.seje-SS-2025-26.pdf\" target=\"_blank\" rel=\"noopener\">Zapisnik 3. seje sveta \u0161ole 19. 3. 2026<\/a><\/li>\n<li><a href=\"https:\/\/www.oslivade.si\/wp-content\/uploads\/2026\/02\/zapisnik-2.-seje-SS-2025-26.pdf\" target=\"_blank\" rel=\"noopener\">Zapisnik 2. seje sveta \u0161ole 26. 2. 2026<\/a>&nbsp;<\/li>\n<li><a href=\"https:\/\/www.oslivade.si\/wp-content\/uploads\/2025\/12\/zapisnik-1.-seje-SS-2025-26.pdf\">Zapisnik 1. seje (konstituitivne) sveta \u0161ole 20.11.2025<\/a><\/li>\n<\/ul>\n<p>\u0160olsko leto 2024\/25<\/p>\n<ul>\n<li><a href=\"https:\/\/www.oslivade.si\/wp-content\/uploads\/2025\/12\/zapisnik-15.-sejeSS-2526.pdf\">Zapisnik 15. redne seje sveta \u0161ole; 16.10.2025<\/a><\/li>\n<li><a href=\"https:\/\/www.oslivade.si\/wp-content\/uploads\/2025\/04\/zapisnik-14.seje-SS-24-25.pdf\">Zapisnik 14. redne seje sveta \u0161ole; 20.2.2025<\/a><\/li>\n<li><a href=\"https:\/\/www.oslivade.si\/wp-content\/uploads\/2025\/04\/zapisnik-13.seje-SS-24-25.pdf\">Zapisnik 13. redne seje sveta \u0161ole; 20.1.2025<\/a><\/li>\n<li><a href=\"https:\/\/www.oslivade.si\/wp-content\/uploads\/2025\/01\/zapisnik-12.redne-seje-SS-24-25.pdf\">Zapisnik 12. redne seje sveta \u0161ole; 30.9.2024<\/a><\/li>\n<\/ul>\n<p>\u0160olsko leto 2023\/24<\/p>\n<ul>\n<li><a href=\"https:\/\/www.oslivade.si\/wp-content\/uploads\/2024\/03\/zapisnik-11.seje-SS-2324.pdf\">Zapisnik 11. seje sveta \u0161ole; 28.2.2024<\/a><\/li>\n<li><a href=\"https:\/\/www.oslivade.si\/wp-content\/uploads\/2024\/03\/zapisnik-10.seje-SS-2324.pdf\">Zapisnik 10. seje sveta \u0161ole; 11.1.2024<\/a><\/li>\n<li><a href=\"https:\/\/www.oslivade.si\/wp-content\/uploads\/2024\/03\/zapisnik_9.sejeSS_2324.pdf\">Zapisnik 9. seje sveta \u0161ole; 28.9.2023<\/a><\/li>\n<\/ul>\n<p>\u0160olsko leto 2022\/23<\/p>\n<ul>\n<li><a href=\"https:\/\/www.oslivade.si\/wp-content\/uploads\/2023\/04\/zapisnik-8.seje-SS-2223.pdf\" target=\"_blank\" rel=\"noopener\">Zapisnik 8. seje sveta \u0161ole; 3.4.2023<\/a><\/li>\n<li><a href=\"https:\/\/www.oslivade.si\/wp-content\/uploads\/2023\/04\/zapisnik-7.seje-SS-2223.pdf\" target=\"_blank\" rel=\"noopener\">Zapisnik 7. seje sveta \u0161ole; 27.2.2023<\/a><\/li>\n<li><a href=\"https:\/\/www.oslivade.si\/wp-content\/uploads\/2022\/10\/zapisnik_6.sejeSS_2223.pdf\" target=\"_blank\" rel=\"noopener\">Zapisnik 6. seje sveta \u0161ole; 29.9.2022<\/a><\/li>\n<\/ul>\n<p>\u0160olsko leto 2021\/22<\/p>\n<ul>\n<li><a href=\"https:\/\/www.oslivade.si\/wp-content\/uploads\/2021\/10\/zapisnik_14.sejeSS_2122.pdf\" target=\"_blank\" rel=\"noopener\">Zapisnik 14. seje sveta \u0161ole; 28.9.2021<\/a><\/li>\n<li><a href=\"https:\/\/www.oslivade.si\/wp-content\/uploads\/2022\/03\/zapisnik-1.sejeSS.pdf\" target=\"_blank\" rel=\"noopener\">Zapisnik 1. (konstituitivne) seje sveta \u0161ole; 19.11.2021<\/a><\/li>\n<li><a href=\"https:\/\/www.oslivade.si\/wp-content\/uploads\/2022\/03\/Zapisnik-2.seje-sveta-sole-2021-22.pdf\" target=\"_blank\" rel=\"noopener\">Zapisnik 2. seje sveta \u0161ole; 26.1.2022<\/a><\/li>\n<li><a href=\"https:\/\/www.oslivade.si\/wp-content\/uploads\/2022\/03\/zapisnik-3.seje-SS-2122.pdf\" target=\"_blank\" rel=\"noopener\">Zapisnik 3. seje sveta \u0161ole; 28.2.2022<\/a><\/li>\n<li><a href=\"https:\/\/www.oslivade.si\/wp-content\/uploads\/2022\/09\/zapisnik-4.seje-SS-2122.pdf\" target=\"_blank\" rel=\"noopener\">Zapisnik 4. seje sveta \u0161ole; 4.4.2022<\/a><\/li>\n<li><a href=\"https:\/\/www.oslivade.si\/wp-content\/uploads\/2022\/09\/zapisnik_-5.seje-SS-2122.pdf\" target=\"_blank\" rel=\"noopener\">Zapisnik 5. seje sveta \u0161ole; 13.5.2022<\/a><\/li>\n<\/ul>\n<p>\u0160olsko leto 2020\/21<\/p>\n<ul>\n<li><a href=\"https:\/\/www.oslivade.si\/wp-content\/uploads\/2020\/10\/zapisnik_1.sejeS\u0160_2021.pdf\" target=\"_blank\" rel=\"noopener noreferrer\">Zapisnik 11. seje sveta \u0161ole; 29. 9. 2020<\/a><\/li>\n<li><a href=\"https:\/\/www.oslivade.si\/wp-content\/uploads\/2021\/10\/zapisnik-12.sejeSS-2021.pdf\" target=\"_blank\" rel=\"noopener\">Zapisnik 12. seje sveta \u0161ole; 27.1.2021<\/a><\/li>\n<li><a href=\"https:\/\/www.oslivade.si\/wp-content\/uploads\/2021\/10\/zapisnik-13.seje-SS.pdf\" target=\"_blank\" rel=\"noopener\">Zapisnik 13. seje sveta \u0161ole; 22.2.2021<\/a><\/li>\n<\/ul>\n<p>\u0160olsko leto 2019\/20<\/p>\n<ul>\n<li><a href=\"https:\/\/www.oslivade.si\/wp-content\/uploads\/2019\/10\/zapisnik_1.sejeS\u0160_1920.pdf\" target=\"_blank\" rel=\"noopener noreferrer\">Zapisnik 8. seje sveta \u0161ole; 26. 9. 2019<\/a><\/li>\n<li><a href=\"https:\/\/www.oslivade.si\/wp-content\/uploads\/2020\/03\/zapisnik-10.seje-S\u0160.pdf\">Zapisnik 9. seje sveta \u0161ole; 23. 1. 2020<\/a><\/li>\n<li><a href=\"https:\/\/www.oslivade.si\/wp-content\/uploads\/2020\/03\/zapisnik-10.seje-S\u0160.pdf\">Zapisnik 10. seje sveta \u0161ole; 26. 2. 2020<\/a><\/li>\n<\/ul>\n<p>\u0160olsko leto 2018\/19<\/p>\n<ul>\n<li><a href=\"https:\/\/www.oslivade.si\/wp-content\/uploads\/2018\/11\/zapisnik-4.redne-seje-S\u0160.pdf\" target=\"_blank\" rel=\"noopener noreferrer\">Zapisnik 4. seje sveta \u0161ole; 5. 9. 2018<\/a><\/li>\n<li><a href=\"https:\/\/www.oslivade.si\/wp-content\/uploads\/2018\/11\/zapisnik-5.-redne-seje-S\u0160.pdf\" target=\"_blank\" rel=\"noopener noreferrer\">Zapisnik 5. seje sveta \u0161ole; 1. 10. 2018<\/a><\/li>\n<li><a href=\"https:\/\/www.oslivade.si\/wp-content\/uploads\/2019\/03\/zapisnik-6.redne-seje-S\u0160.pdf\" target=\"_blank\" rel=\"noopener noreferrer\">Zapisnik 6. seje sveta \u0161ole; 5. 3. 2019<\/a><\/li>\n<li><a href=\"https:\/\/www.oslivade.si\/wp-content\/uploads\/2019\/04\/zapisnik-7.redne-seje-S\u0160.pdf\" target=\"_blank\" rel=\"noopener noreferrer\">Zapisnik 7. seje sveta \u0161ole; 23. 4. 2019<\/a><\/li>\n<\/ul>\n<p>\u0160olsko leto 2017\/18<\/p>\n<ul>\n<li><a href=\"https:\/\/www.oslivade.si\/wp-content\/uploads\/2018\/11\/zapisnik_1.sejeS\u0160_1718.pdf\" target=\"_blank\" rel=\"noopener noreferrer\">Zapisnik 1. seje sveta \u0161ole; 28. 9. 2017<\/a><\/li>\n<li><a href=\"https:\/\/www.oslivade.si\/wp-content\/uploads\/2018\/11\/zapisnik_konst.seje-S\u0160-201718.pdf\" target=\"_blank\" rel=\"noopener noreferrer\">Zapisnik 1. (konstitutivne) redne seje sveta \u0161ole; 23. 11. 2018<\/a><\/li>\n<li><a href=\"https:\/\/www.oslivade.si\/wp-content\/uploads\/2018\/11\/zapisnik_2.sejeS\u0160_1718.pdf\" target=\"_blank\" rel=\"noopener noreferrer\">Zapisnik 2. seje sveta \u0161ole; 18. 1. 2018<\/a><\/li>\n<li><a href=\"https:\/\/www.oslivade.si\/wp-content\/uploads\/2018\/11\/zapisnik_3.sejeS\u0160_1718.pdf\" target=\"_blank\" rel=\"noopener noreferrer\">Zapisnik 3. seje sveta \u0161ole; 6. 3. 2018<\/a><\/li>\n<\/ul>\n<p>\u0160olsko leto 2016\/17<\/p>\n<ul>\n<li><a href=\"https:\/\/www.oslivade.si\/wp-content\/uploads\/2018\/11\/zapisnik_1-seje_1617.pdf\" target=\"_blank\" rel=\"noopener noreferrer\">Zapisnik 1. seje sveta \u0161ole; 29. 9. 2016<\/a><\/li>\n<li><a href=\"https:\/\/www.oslivade.si\/wp-content\/uploads\/2018\/11\/zapisnik_2sejeSS.pdf\" target=\"_blank\" rel=\"noopener noreferrer\">Zapisnik 2. seje sveta \u0161ole; 6. 3. 2017<\/a><\/li>\n<li><a href=\"https:\/\/www.oslivade.si\/wp-content\/uploads\/2018\/11\/zapisnik_3seje1617_SS.pdf\" target=\"_blank\" rel=\"noopener noreferrer\">Zapisnik 3. seje sveta \u0161ole; 30. 3. 2017<\/a><\/li>\n<li><a href=\"https:\/\/www.oslivade.si\/wp-content\/uploads\/2018\/11\/zapisnik_4_seje1617_SS.pdf\" target=\"_blank\" rel=\"noopener noreferrer\">Zapisnik 4. seje sveta \u0161ole; 15. 5. 2017<\/a><\/li>\n<li><a href=\"https:\/\/www.oslivade.si\/wp-content\/uploads\/2018\/11\/zapisnik_5_seje1617_SS.pdf\" target=\"_blank\" rel=\"noopener noreferrer\">Zapisnik 5. seje sveta \u0161ole; 7. 6. 2017<\/a><\/li>\n<\/ul>\n","protected":false},"excerpt":{"rendered":"<p>\u0160olo v skladu z ZOFVI-H upravlja Svet \u0161ole v sestavi: pet predstavnikov delavcev zavoda trije predstavniki ustanovitelja O\u0160 Livade &#8211;&nbsp;<a href=\"https:\/\/www.oslivade.si\/?page_id=80\">&hellip;<\/a><\/p>\n","protected":false},"author":1,"featured_media":0,"parent":64,"menu_order":0,"comment_status":"closed","ping_status":"closed","template":"","meta":{"ngg_post_thumbnail":0,"footnotes":""},"class_list":["post-80","page","type-page","status-publish","hentry","odd"],"_links":{"self":[{"href":"https:\/\/www.oslivade.si\/index.php?rest_route=\/wp\/v2\/pages\/80"}],"collection":[{"href":"https:\/\/www.oslivade.si\/index.php?rest_route=\/wp\/v2\/pages"}],"about":[{"href":"https:\/\/www.oslivade.si\/index.php?rest_route=\/wp\/v2\/types\/page"}],"author":[{"embeddable":true,"href":"https:\/\/www.oslivade.si\/index.php?rest_route=\/wp\/v2\/users\/1"}],"replies":[{"embeddable":true,"href":"https:\/\/www.oslivade.si\/index.php?rest_route=%2Fwp%2Fv2%2Fcomments&post=80"}],"version-history":[{"count":49,"href":"https:\/\/www.oslivade.si\/index.php?rest_route=\/wp\/v2\/pages\/80\/revisions"}],"predecessor-version":[{"id":18258,"href":"https:\/\/www.oslivade.si\/index.php?rest_route=\/wp\/v2\/pages\/80\/revisions\/18258"}],"up":[{"embeddable":true,"href":"https:\/\/www.oslivade.si\/index.php?rest_route=\/wp\/v2\/pages\/64"}],"wp:attachment":[{"href":"https:\/\/www.oslivade.si\/index.php?rest_route=%2Fwp%2Fv2%2Fmedia&parent=80"}],"curies":[{"name":"wp","href":"https:\/\/api.w.org\/{rel}","templated":true}]}}