{"id":82,"date":"2018-10-16T12:17:58","date_gmt":"2018-10-16T12:17:58","guid":{"rendered":"http:\/\/91.220.156.17\/?page_id=82"},"modified":"2023-09-18T14:34:45","modified_gmt":"2023-09-18T13:34:45","slug":"solski-sklad","status":"publish","type":"page","link":"https:\/\/www.oslivade.si\/?page_id=82","title":{"rendered":"\u0160OLSKI SKLAD"},"content":{"rendered":"<p>Na podlagi 135. clena Zakona o organizaciji in financiranju vzgoje in izobra\u017eevanja (Ur. l. RS, \u0161t. 16\/07, 36\/08 \u2013 UPB5) je Upravni odbor \u0161olskega sklada na 1. redni seji, dne 16. 10. 2012, sprejel <a href=\"https:\/\/www.oslivade.si\/wp-content\/uploads\/2023\/09\/PRAVILA_solski_sklad-2021.pdf\">pravila delovanja \u0161olskega sklada<\/a>. Le-ta pridobiva sredstva iz prispevkov star\u0161ev, donacij, zapu\u0161\u010din in drugih virov. Sredstva se uporabijo za zvi\u0161evanje standarda pouka in nakup nadstandardne opreme.<\/p>\n<p><strong>Namen sklada&nbsp;<\/strong>je zagotavljanje enakosti med vsemi udele\u017eenci u\u010dno- vzgojnega procesa z dobrodelnostjo, s skupnim delom, s skupnim prispevkom, zato \u017eelimo pomagati <strong>socialno \u0161ibkim u\u010dencem,&nbsp;<\/strong>dokupiti <strong>nadstandardno opremo<\/strong> za \u0161olo, pomagati <strong>nadarjenim u\u010dencem<\/strong> po posameznih podro\u010djih, sofinancirati dejavnosti <strong>obveznega in raz\u0161irjenega programa \u0161ole<\/strong>, \u010de se ne financira v celoti iz javnih sredstev (ekskurzije, tabori, \u0161ole v naravi, udele\u017ebe na tekmovanjih, kulturne prireditve, te\u010daji&#8230;) in jih zagotoviti \u010dim ve\u010djemu \u0161tevilu u\u010dencev ter zvi\u0161ati <strong>standard pouka in dejavnosti.<\/strong><\/p>\n<p><strong>Kaj smo \u017ee financirali<br \/>\n<\/strong>Iz sredstev \u0160olskega sklada smo v \u0161olskem letu 2017\/18 financirali ali sofinancirali:<\/p>\n<ul>\n<li>prevoze na \u0161olska in druga tekmovanja<\/li>\n<li>prijavnine na tekmovanja<\/li>\n<li>preventivne delavnice o varni rabi interneta<\/li>\n<li>\u0161olo v naravi dvema u\u010dencema<\/li>\n<li>dodatne knjige za angle\u0161ki jezik<\/li>\n<li>delno pla\u010dilo tabora za nadarjene u\u010dence od 6. &#8211; 9. razreda<\/li>\n<li>delno pla\u010dilo tabora za nadarjene u\u010dence od 4. &#8211; 5. razreda<\/li>\n<li>material za izdelke novoletnega bazarja<\/li>\n<li>darilne bone za 8 u\u010dencev v akciji &#8220;\u0160olske torbe za vse&#8221;<\/li>\n<li>pridobili donatorje za nakup in opremo 15 \u0161olskih torbic in 7 kompletov delovnih zvezkov v akciji&nbsp;&#8220;\u0160olske torbice za vse&#8221;<\/li>\n<li>darilna bona za u\u010denca, ki mu je pogorel dom<\/li>\n<li>pridobili donatorje za pla\u010dilo torte skupini muzikala \u010caroskrivnost<\/li>\n<\/ul>\n<p><strong>Dejavnost sklada&nbsp;<\/strong>je pridobivanje sredstev iz prispevkov star\u0161ev (prostovoljni &#8211; po polo\u017enici), prispevkov ob\u010danov, donacij, zapu\u0161\u010din, drugih virov kot so npr. zbiralne akcije, prostovoljni prispevki na bazarjih, tr\u017enicah, prireditvah&#8230;<\/p>\n<p><strong>Kako nam lahko pomagate<\/strong><\/p>\n<ul>\n<li>s prostovoljnimi prispevki na TRR \u0161olskega sklada 0124 0603 0653 893, sklic 29100<\/li>\n<li>s prilo\u017eeno polo\u017enico, predlagamo 15 \u20ac, kon\u010dno vi\u0161ino Va\u0161ega prispevka pa prepu\u0161\u010damo Vam in Va\u0161im zmo\u017enostim<\/li>\n<li>postanite anonimni BOTER u\u010denca\/ke (informacije za \u201cbotrstvo\u201d dobite pri \u0161olski svetovalni slu\u017ebi)<\/li>\n<li>udele\u017eite se bazarja ali druge prireditve in prispevajte v \u0161olski sklad<\/li>\n<li>sodelujte v zbiralnih in drugih akcijah in pomagajte pri zbiranju sredstev<\/li>\n<li>seznanite tudi druge znance z dejavnostjo in namenom \u0161olskega sklada<\/li>\n<li>pridobite donatorja za na\u0161 sklad<\/li>\n<li>kot podjetje ali samostojni obrtnik lahko donacijo<\/li>\n<li>\u0161olskemu skladu uveljavite kot dav\u010dno olaj\u0161avo<\/li>\n<li>posredujte svoje znanje u\u00e8encem preko delavnic, predavanj ali drugih na\u010dinov prena\u0161anja znanja<\/li>\n<li>uredite donatorski nastop posameznika ali skupine<\/li>\n<\/ul>\n<div class=\"page\" title=\"Page 2\">\n<div class=\"section\">\n<div class=\"layoutArea\">\n<div class=\"column\">\n<p>Zahvaljujemo se vsem star\u0161em in donatorjem, ki ste do sedaj prispevali ali pomagali prispevati sredstva v \u0160olski sklad.<\/p>\n<p>&#8220;S skupnim delom in prispevkom lahko marsikaj dose\u017eemo.&#8221;<\/p>\n<\/div>\n<\/div>\n<\/div>\n<\/div>\n","protected":false},"excerpt":{"rendered":"<p>Na podlagi 135. clena Zakona o organizaciji in financiranju vzgoje in izobra\u017eevanja (Ur. l. RS, \u0161t. 16\/07, 36\/08 \u2013 UPB5)&nbsp;<a href=\"https:\/\/www.oslivade.si\/?page_id=82\">&hellip;<\/a><\/p>\n","protected":false},"author":1,"featured_media":0,"parent":64,"menu_order":0,"comment_status":"closed","ping_status":"closed","template":"","meta":{"ngg_post_thumbnail":0,"footnotes":""},"class_list":["post-82","page","type-page","status-publish","hentry","odd"],"_links":{"self":[{"href":"https:\/\/www.oslivade.si\/index.php?rest_route=\/wp\/v2\/pages\/82"}],"collection":[{"href":"https:\/\/www.oslivade.si\/index.php?rest_route=\/wp\/v2\/pages"}],"about":[{"href":"https:\/\/www.oslivade.si\/index.php?rest_route=\/wp\/v2\/types\/page"}],"author":[{"embeddable":true,"href":"https:\/\/www.oslivade.si\/index.php?rest_route=\/wp\/v2\/users\/1"}],"replies":[{"embeddable":true,"href":"https:\/\/www.oslivade.si\/index.php?rest_route=%2Fwp%2Fv2%2Fcomments&post=82"}],"version-history":[{"count":22,"href":"https:\/\/www.oslivade.si\/index.php?rest_route=\/wp\/v2\/pages\/82\/revisions"}],"predecessor-version":[{"id":15646,"href":"https:\/\/www.oslivade.si\/index.php?rest_route=\/wp\/v2\/pages\/82\/revisions\/15646"}],"up":[{"embeddable":true,"href":"https:\/\/www.oslivade.si\/index.php?rest_route=\/wp\/v2\/pages\/64"}],"wp:attachment":[{"href":"https:\/\/www.oslivade.si\/index.php?rest_route=%2Fwp%2Fv2%2Fmedia&parent=82"}],"curies":[{"name":"wp","href":"https:\/\/api.w.org\/{rel}","templated":true}]}}