{"id":8548,"date":"2020-10-19T10:50:43","date_gmt":"2020-10-19T08:50:43","guid":{"rendered":"https:\/\/www.oslivade.si\/?page_id=8548"},"modified":"2020-10-19T13:45:50","modified_gmt":"2020-10-19T11:45:50","slug":"aai-in-office-365-racuna","status":"publish","type":"page","link":"https:\/\/www.oslivade.si\/?page_id=8548","title":{"rendered":"AAI in Office 365 ra\u010duna"},"content":{"rendered":"<p>[vc_row][vc_column][vc_tta_tabs][vc_tta_section title=&#8221;AAI ra\u010dun&#8221; tab_id=&#8221;1603088093056-ae571f97-e96b&#8221;][vc_column_text]<\/p>\n<h3>Pozabljeno geslo<\/h3>\n<p>\u010ce pozabi\u0161 geslo za AAI ra\u010dun, si ga lahko sam posodobi\u0161.<\/p>\n<p>1. Pojdi na spletno stran: <a href=\"https:\/\/mdm.arnes.si\/Prijava\/Password.aspx\" target=\"_blank\" rel=\"noopener noreferrer\">https:\/\/mdm.arnes.si\/Prijava\/Password.aspx<\/a><\/p>\n<p>2. Odprl se bo spodaj prikazan obrazec, v katerega vnesi:<br \/>\n&#8211;<strong> uporabni\u0161ko ime<\/strong> za AAI ra\u010dun (npr.: janezn@oslivade.si)<br \/>\n&#8211; <strong>elektronski naslov iz Office 365 <\/strong>(npr.: jano2022@oslivade.si)<br \/>\n&#8211; <strong>varnostno vpra\u0161anje &#8211;\u00a0<\/strong>vnesi \u0161tevilo, ki nadomesti vpra\u0161aj v formuli (npr.: ? &#8211; 8 = 4\u00a0 -&gt; vnese\u0161 \u0161t. 12)<\/p>\n<p><img loading=\"lazy\" decoding=\"async\" class=\"alignnone wp-image-8602\" src=\"https:\/\/www.oslivade.si\/wp-content\/uploads\/2020\/10\/pozabljeno-geslo-300x189.png\" alt=\"AAI pozabljeno geslo\" width=\"586\" height=\"369\" srcset=\"https:\/\/www.oslivade.si\/wp-content\/uploads\/2020\/10\/pozabljeno-geslo-300x189.png 300w, https:\/\/www.oslivade.si\/wp-content\/uploads\/2020\/10\/pozabljeno-geslo.png 881w\" sizes=\"(max-width: 586px) 100vw, 586px\" \/><\/p>\n<p>3. \u010ce si vnesel pravilne podatke, se bo pokazalo slede\u010de sporo\u010dilo:<\/p>\n<p><img loading=\"lazy\" decoding=\"async\" class=\"alignnone wp-image-8607\" src=\"https:\/\/www.oslivade.si\/wp-content\/uploads\/2020\/10\/povezava-za-ponastavitev-300x31.png\" alt=\"povezava za ponastavitev\" width=\"668\" height=\"69\" srcset=\"https:\/\/www.oslivade.si\/wp-content\/uploads\/2020\/10\/povezava-za-ponastavitev-300x31.png 300w, https:\/\/www.oslivade.si\/wp-content\/uploads\/2020\/10\/povezava-za-ponastavitev-1024x106.png 1024w, https:\/\/www.oslivade.si\/wp-content\/uploads\/2020\/10\/povezava-za-ponastavitev.png 1034w\" sizes=\"(max-width: 668px) 100vw, 668px\" \/><\/p>\n<p>4. Sledi navodilom, ki jih dobi\u0161 na svoj e-po\u0161tni naslov v Office 365.[\/vc_column_text][\/vc_tta_section][vc_tta_section title=&#8221;Office 365&#8243; tab_id=&#8221;1603088093064-be7e3acc-e3ae&#8221;][vc_column_text]<\/p>\n<h3>Pozabljeno geslo<\/h3>\n<p>Star\u0161i naj po\u0161ljejo zahtevek na naslov <a href=\"mailto:skrbnik@oslivade.si\" target=\"_blank\" rel=\"noopener noreferrer\">skrbnik@oslivade.si<\/a>.<\/p>\n<p>V zahtevku naj navedejo:<\/p>\n<ul>\n<li>priimek in ime otroka,<\/li>\n<li>razred, ki ga otrok obiskuje,<\/li>\n<li>uporabni\u0161ko ime oz. e-po\u0161tni naslov (npr.: jano2022@oslivade.si).<\/li>\n<\/ul>\n<p><strong>Upo\u0161tevali se bodo le zahtevki<\/strong>, ki bodo poslani iz e-po\u0161tnega naslova star\u0161a, ki je <strong>potrjen v eAsistentu<\/strong>.<\/p>\n<p>Zahtevkov iz e-po\u0161tnih naslovov, ki niso potrjeni, ne bomo upo\u0161tevali.<\/p>\n<p>Po prejetem zahtevku vam bomo na isti e-po\u0161tni naslov posredovali novo geslo oz. navodila za ponastavitev gesla.[\/vc_column_text][\/vc_tta_section][\/vc_tta_tabs][\/vc_column][\/vc_row]<\/p>\n","protected":false},"excerpt":{"rendered":"<p>[vc_row][vc_column][vc_tta_tabs][vc_tta_section title=&#8221;AAI ra\u010dun&#8221; tab_id=&#8221;1603088093056-ae571f97-e96b&#8221;][vc_column_text] Pozabljeno geslo \u010ce pozabi\u0161 geslo za AAI ra\u010dun, si ga lahko sam posodobi\u0161. 1. Pojdi na&nbsp;<a href=\"https:\/\/www.oslivade.si\/?page_id=8548\">&hellip;<\/a><\/p>\n","protected":false},"author":3,"featured_media":0,"parent":0,"menu_order":0,"comment_status":"closed","ping_status":"closed","template":"","meta":{"ngg_post_thumbnail":0,"footnotes":""},"class_list":["post-8548","page","type-page","status-publish","hentry","odd"],"_links":{"self":[{"href":"https:\/\/www.oslivade.si\/index.php?rest_route=\/wp\/v2\/pages\/8548"}],"collection":[{"href":"https:\/\/www.oslivade.si\/index.php?rest_route=\/wp\/v2\/pages"}],"about":[{"href":"https:\/\/www.oslivade.si\/index.php?rest_route=\/wp\/v2\/types\/page"}],"author":[{"embeddable":true,"href":"https:\/\/www.oslivade.si\/index.php?rest_route=\/wp\/v2\/users\/3"}],"replies":[{"embeddable":true,"href":"https:\/\/www.oslivade.si\/index.php?rest_route=%2Fwp%2Fv2%2Fcomments&post=8548"}],"version-history":[{"count":12,"href":"https:\/\/www.oslivade.si\/index.php?rest_route=\/wp\/v2\/pages\/8548\/revisions"}],"predecessor-version":[{"id":8648,"href":"https:\/\/www.oslivade.si\/index.php?rest_route=\/wp\/v2\/pages\/8548\/revisions\/8648"}],"wp:attachment":[{"href":"https:\/\/www.oslivade.si\/index.php?rest_route=%2Fwp%2Fv2%2Fmedia&parent=8548"}],"curies":[{"name":"wp","href":"https:\/\/api.w.org\/{rel}","templated":true}]}}